{"id":7510,"date":"2025-03-28T11:35:57","date_gmt":"2025-03-28T09:35:57","guid":{"rendered":"https:\/\/www.enjoysailing.ro\/?page_id=7510"},"modified":"2025-03-28T14:40:47","modified_gmt":"2025-03-28T12:40:47","slug":"politica-de-cookies","status":"publish","type":"page","link":"https:\/\/www.enjoysailing.ro\/en\/politica-de-cookies\/","title":{"rendered":"Cookies Policy"},"content":{"rendered":"<div data-elementor-type=\"wp-page\" data-elementor-id=\"7510\" class=\"elementor elementor-7510\">\n\t\t\t\t\t\t<section class=\"elementor-section elementor-top-section elementor-element elementor-element-d99962f elementor-section-boxed elementor-section-height-default elementor-section-height-default wpr-particle-no wpr-jarallax-no wpr-parallax-no wpr-sticky-section-no wpr-equal-height-no\" data-id=\"d99962f\" data-element_type=\"section\" data-e-type=\"section\" data-settings=\"{&quot;background_background&quot;:&quot;classic&quot;}\">\n\t\t\t\t\t\t<div class=\"elementor-container elementor-column-gap-default\">\n\t\t\t\t\t<div class=\"elementor-column elementor-col-100 elementor-top-column elementor-element elementor-element-593dfeb\" data-id=\"593dfeb\" data-element_type=\"column\" data-e-type=\"column\">\n\t\t\t<div class=\"elementor-widget-wrap elementor-element-populated\">\n\t\t\t\t\t\t<div class=\"elementor-element elementor-element-9d1b7df elementor-widget elementor-widget-heading\" data-id=\"9d1b7df\" data-element_type=\"widget\" data-e-type=\"widget\" data-widget_type=\"heading.default\">\n\t\t\t\t<div class=\"elementor-widget-container\">\n\t\t\t\t\t<h2 class=\"elementor-heading-title elementor-size-default\">Cookies Policy<\/h2>\t\t\t\t<\/div>\n\t\t\t\t<\/div>\n\t\t\t\t\t<\/div>\n\t\t<\/div>\n\t\t\t\t\t<\/div>\n\t\t<\/section>\n\t\t\t\t<section class=\"elementor-section elementor-top-section elementor-element elementor-element-b7aa69c elementor-section-boxed elementor-section-height-default elementor-section-height-default wpr-particle-no wpr-jarallax-no wpr-parallax-no wpr-sticky-section-no wpr-equal-height-no\" data-id=\"b7aa69c\" data-element_type=\"section\" data-e-type=\"section\">\n\t\t\t\t\t\t<div class=\"elementor-container elementor-column-gap-default\">\n\t\t\t\t\t<div class=\"elementor-column elementor-col-100 elementor-top-column elementor-element elementor-element-7be54a8\" data-id=\"7be54a8\" data-element_type=\"column\" data-e-type=\"column\">\n\t\t\t<div class=\"elementor-widget-wrap elementor-element-populated\">\n\t\t\t\t\t\t<div class=\"elementor-element elementor-element-9baaf4d elementor-widget elementor-widget-text-editor\" data-id=\"9baaf4d\" data-element_type=\"widget\" data-e-type=\"widget\" data-widget_type=\"text-editor.default\">\n\t\t\t\t<div class=\"elementor-widget-container\">\n\t\t\t\t\t\t\t\t\t<p>This policy applies to cookies and the web pages located at enjoysailing.ro<\/p><p>Our website uses cookies, small files which contain an identifier made up of a string o<\/p><p>There are two main types of cookies:<\/p><ol><li><strong>Persistent cookies<\/strong>: They remain stored in the browser until a specified expiration date unless manually deleted before.<\/li><li><strong>Session cookies<\/strong>: These are temporary and are automatically deleted when the browser is closed once the user's session ends.<\/li><\/ol><p>Cookies usually do not contain information that personally identifies you. However, the personal information we store may be associated with the data obtained through cookies.<\/p><p><strong>How are Cookies used by this website?<\/strong><\/p><p>A visit to this website may place the following types of cookies:<\/p><p>Site performance cookies;<\/p><p>Visitor analysis cookies;<\/p><p>Registration cookies;<\/p><p>Cookies for advertising;<\/p><p>Cookies from advertisers.<\/p><p>Examples of the usefulness of cookies (which do not require a user to log in via an account):<\/p><p>Content and services tailored to user preferences - categories of products and services;<\/p><p>Offers tailored to users' interests;<\/p><p>Remember your login details (user and password);<\/p><p>Retain child protection filters on internet content (family mode options, safe search features);<\/p><p>Limiting how often ads are shown - limiting the number of times an ad is shown to a particular user on a website;<\/p><p>Provide relevant advertising to the user;<\/p><p>Measurement, optimization, and analytics features - such as confirming a certain level of traffic to a website, what type of content is being viewed, and how a user gets to a website (e.g., through search engines, directly, from other websites, etc.) Websites run this analysis of their usage to improve their content for the benefit of the user.<\/p><p>Cookies that are not technically required to be stored on the user's terminal will only be used if the user expressly and unequivocally consents to their use by ticking the categories shown.<\/p><p>The user can withdraw consent at any time by changing the browser settings of the browser used. Details on how to change browser settings can be found on the websites of the browser developers in the \"Settings\" Section.<\/p><p><strong>What data do Cookies contain?<\/strong><br \/>In most cases, cookies do not directly identify Internet users, but the terminal from which they have accessed certain web pages. This data is encrypted in a way that prevents unauthorized access by third parties.<\/p><p><strong>Retention and deletion of Cookies<\/strong><br \/>Generally, an application used to access web pages allows cookies to be saved on the user's terminal by default. These settings can be changed by the user so that automatic cookie handling is blocked by the web browser or the user is informed each time cookies are sent to their terminal.<\/p><p><strong>Cookies policy updates<\/strong><br \/>enjoysailing.ro may update this cookie policy to reflect changes to the various cookies used for operational, legal or regulatory purposes. Please read the cookie policy regularly to ensure that you are properly informed about how we use cookies. We may notify you of changes to this policy by email or through the private messaging system on our website. The date of this policy is updated at the end of this session.<\/p><p><strong>Useful links<\/strong><br \/>If you want to know more about cookies and what they are used for, we recommend the following links:<\/p><p>Microsoft Cookies guide<br \/>https:\/\/support.microsoft.com\/en-us\/topic\/description-of-cookies-ad01aa7e-66c9-8ab2-7898-6652c100999d<\/p><p>All About Cookies<br \/>https:\/\/www.allaboutcookies.org\/<\/p><p>http:\/\/www.youronlinechoices.com<\/p><p>Version: 28.03.2025<\/p>\t\t\t\t\t\t\t\t<\/div>\n\t\t\t\t<\/div>\n\t\t\t\t\t<\/div>\n\t\t<\/div>\n\t\t\t\t\t<\/div>\n\t\t<\/section>\n\t\t\t\t<\/div>","protected":false},"excerpt":{"rendered":"<p>Politica de Cookies Aceast\u0103 politic\u0103 se refer\u0103 la cookies \u015fi paginile web aflate la adresa\u00a0enjoysailing.ro Website-ul nostru folose\u0219te cookie-uri, mici fi\u0219iere care con\u021bin un identificator format dintr-un \u0219ir de litere \u0219i cifre. Acestea sunt trimise de un server web c\u0103tre browserul dumneavoastr\u0103, unde sunt stocate. Ulterior, identificatorul este retransmis serverului ori de c\u00e2te ori browserul solicit\u0103 o pagin\u0103. Exist\u0103 dou\u0103 tipuri principale de cookie-uri: Cookie-uri persistente: Acestea r\u0103m\u00e2n stocate \u00een browser p\u00e2n\u0103 la o dat\u0103 de expirare specificat\u0103, cu excep\u021bia cazului \u00een care sunt \u0219terse manual \u00eenainte. Cookie-uri de sesiune: Acestea sunt temporare \u0219i se \u0219terg automat la \u00eenchiderea browserului, odat\u0103 ce sesiunea utilizatorului se \u00eencheie. De obicei, cookie-urile nu con\u021bin informa\u021bii care s\u0103 v\u0103 identifice personal. Totu\u0219i, informa\u021biile personale pe care le stoc\u0103m pot fi asociate cu datele ob\u021binute prin intermediul cookie-urilor. Cum sunt folosite Cookies de c\u0103tre acest site? O vizit\u0103 pe acest site poate plasa urm\u0103toarele tipuri de cookies: Cookies de performan\u0163\u0103 a site-ului; Cookies de analiz\u0103 a vizitatorilor; Cookies de \u00eenregistrare; Cookies pentru publicitate; Cookies ale furnizorilor de publicitate. Exemple privind utilitatea cookies (care nu necesit\u0103 autentificarea unui utilizator prin intermediul unui cont): Con\u0163inut \u015fi servicii adaptate preferin\u0163elor utilizatorului \u2013 categorii de produse \u015fi servicii; Oferte adaptate intereselor utilizatorilor; Re\u0163inerea detaliilor de autentificare (utilizator \u015fi parol\u0103); Re\u0163inerea filtrelor de protec\u0163ie a copiilor privind con\u0163inutul pe Internet (op\u0163iuni family mode, func\u0163ii safe search); Limitarea frecven\u0163ei de difuzare a reclamelor \u2013 limitarea num\u0103rului de afi\u015f\u0103ri a unei reclame pentru un anumit utilizator pe un site; Furnizarea de publicitate relevant\u0103 pentru utilizator; M\u0103surarea, optimizarea \u015fi caracteristicile de analitice \u2013 cum ar fi confirmarea unui anumit nivel de trafic pe un website, ce tip de con\u0163inut este vizualizat \u015fi modul cum un utilizator ajunge pe un website (ex.: prin motoare de c\u0103utare, direct, din alte website-uri etc). Website-urile deruleaz\u0103 aceast\u0103 analiz\u0103 a utiliz\u0103rii lor pentru a \u00eembun\u0103t\u0103\u0163i con\u0163inutul acestora \u00een beneficiul utilizatorului. Cookies care, din punct de vedere tehnic, nu sunt obligatorii a fi stocate pe terminalul utilizatorului, vor fi folosite doar dac\u0103 utilizatorul \u00ee\u015fi exprim\u0103 consim\u0163\u0103m\u00e2ntul expres \u015fi neechivoc \u00een leg\u0103tur\u0103 cu acestea, prin bifarea categoriilor prezentate. Utilizatorul \u00ee\u015fi poate retrage consim\u0163\u0103m\u00e2ntul \u00een orice moment prin modificarea set\u0103rilor aferente browser-ului utilizat. Detalii privind modificarea set\u0103rilor browserelor pute\u0163i g\u0103si pe website-urile dezvoltatorilor browserelor, \u00een Sec\u0163iunea \u201dSet\u0103ri\u201d. Ce date con\u021bin Cookies?\u00cen cele mai multe cazuri, cookies nu identific\u0103 \u00een mod direct utilizatorii de Internet, ci terminalul de pe care ace\u015ftia au accesat anumite pagini web. Aceste date sunt criptate \u00eentr-un mod care nu permite accesul neautorizat al ter\u0163ilor. Reten\u021bia \u0219i \u0219tergerea Cookies\u00cen general, o aplica\u0163ie folosit\u0103 pentru accesarea paginilor web permite salvarea cookies pe terminalul utilizatorului \u00een mod implicit. Aceste set\u0103ri pot fi modificate de c\u0103tre utilizator astfel \u00eenc\u00e2t administrarea automat\u0103 a cookies s\u0103 fie blocat\u0103 de browser-ul web sau utilizatorul s\u0103 fie informat de fiecare dat\u0103 c\u00e2nd cookies sunt trimise c\u0103tre terminalul s\u0103u. Actualiz\u0103ri ale politicii de Cookiesenjoysailing.ro poate actualiza prezent\u0103 politica de cookies pentru a reflecta schimb\u0103ri ale diverselor cookies folosite \u00een scop opera\u0163ional, juridic sau de reglementare. V\u0103 rug\u0103m s\u0103 citi\u0163i regulat politica de cookies pentru a v\u0103 asigura c\u0103 sunte\u0163i informat corespunz\u0103tor cu privire la modul \u00een care utiliz\u0103m cookies. V\u0103 putem anun\u0163a despre modific\u0103rile aduse acestei politici prin e-mail sau prin sistemul de mesagerie privat\u0103 de pe website-ul nostru. Data prezentei politici este actualizat\u0103 la sf\u00e2r\u015fitul acestei sesiuni. Linkuri utileDac\u0103 dori\u0163i s\u0103 afla\u0163i mai multe infroma\u021bii despre cookies \u015fi la ce sunt utilizate, recomand\u0103m urm\u0103toarele linkuri: Microsoft Cookies guidehttps:\/\/support.microsoft.com\/en-us\/topic\/description-of-cookies-ad01aa7e-66c9-8ab2-7898-6652c100999d All About Cookieshttps:\/\/www.allaboutcookies.org\/ http:\/\/www.youronlinechoices.com Versiune: 28.03.2025<\/p>","protected":false},"author":1,"featured_media":0,"parent":0,"menu_order":0,"comment_status":"closed","ping_status":"closed","template":"","meta":{"_acf_changed":false,"site-sidebar-layout":"no-sidebar","site-content-layout":"page-builder","ast-site-content-layout":"default","site-content-style":"default","site-sidebar-style":"default","ast-global-header-display":"","ast-banner-title-visibility":"","ast-main-header-display":"","ast-hfb-above-header-display":"","ast-hfb-below-header-display":"","ast-hfb-mobile-header-display":"","site-post-title":"disabled","ast-breadcrumbs-content":"","ast-featured-img":"disabled","footer-sml-layout":"","ast-disable-related-posts":"","theme-transparent-header-meta":"default","adv-header-id-meta":"","stick-header-meta":"","header-above-stick-meta":"","header-main-stick-meta":"","header-below-stick-meta":"","astra-migrate-meta-layouts":"default","ast-page-background-enabled":"default","ast-page-background-meta":{"desktop":{"background-color":"","background-image":"","background-repeat":"repeat","background-position":"center center","background-size":"auto","background-attachment":"scroll","background-type":"","background-media":"","overlay-type":"","overlay-color":"","overlay-opacity":"","overlay-gradient":""},"tablet":{"background-color":"","background-image":"","background-repeat":"repeat","background-position":"center center","background-size":"auto","background-attachment":"scroll","background-type":"","background-media":"","overlay-type":"","overlay-color":"","overlay-opacity":"","overlay-gradient":""},"mobile":{"background-color":"","background-image":"","background-repeat":"repeat","background-position":"center center","background-size":"auto","background-attachment":"scroll","background-type":"","background-media":"","overlay-type":"","overlay-color":"","overlay-opacity":"","overlay-gradient":""}},"ast-content-background-meta":{"desktop":{"background-color":"var(--ast-global-color-5)","background-image":"","background-repeat":"repeat","background-position":"center center","background-size":"auto","background-attachment":"scroll","background-type":"","background-media":"","overlay-type":"","overlay-color":"","overlay-opacity":"","overlay-gradient":""},"tablet":{"background-color":"var(--ast-global-color-5)","background-image":"","background-repeat":"repeat","background-position":"center center","background-size":"auto","background-attachment":"scroll","background-type":"","background-media":"","overlay-type":"","overlay-color":"","overlay-opacity":"","overlay-gradient":""},"mobile":{"background-color":"var(--ast-global-color-5)","background-image":"","background-repeat":"repeat","background-position":"center center","background-size":"auto","background-attachment":"scroll","background-type":"","background-media":"","overlay-type":"","overlay-color":"","overlay-opacity":"","overlay-gradient":""}},"footnotes":""},"class_list":["post-7510","page","type-page","status-publish","hentry"],"acf":[],"yoast_head":"<!-- This site is optimized with the Yoast SEO plugin v27.4 - https:\/\/yoast.com\/product\/yoast-seo-wordpress\/ -->\n<title>Politica de Cookies - EnjoySailing.Ro<\/title>\n<meta name=\"description\" content=\"Politica de Cookies - Marea Neagra iti ofera atat plimbari cu velierul cat si ocazia de a te intrececu ambarcatiunile de yachting cu vele ...\" \/>\n<meta name=\"robots\" content=\"index, follow, max-snippet:-1, max-image-preview:large, max-video-preview:-1\" \/>\n<link rel=\"canonical\" href=\"https:\/\/www.enjoysailing.ro\/en\/politica-de-cookies\/\" \/>\n<meta property=\"og:locale\" content=\"en_US\" \/>\n<meta property=\"og:type\" content=\"article\" \/>\n<meta property=\"og:title\" content=\"Politica de Cookies - EnjoySailing.Ro\" \/>\n<meta property=\"og:description\" content=\"Politica de Cookies - Marea Neagra iti ofera atat plimbari cu velierul cat si ocazia de a te intrececu ambarcatiunile de yachting cu vele ...\" \/>\n<meta property=\"og:url\" content=\"https:\/\/www.enjoysailing.ro\/en\/politica-de-cookies\/\" \/>\n<meta property=\"og:site_name\" content=\"EnjoySailing.Ro\" \/>\n<meta property=\"article:publisher\" content=\"https:\/\/www.facebook.com\/pg\/EnjoySailing.ro\/\" \/>\n<meta property=\"article:modified_time\" content=\"2025-03-28T12:40:47+00:00\" \/>\n<meta name=\"twitter:card\" content=\"summary_large_image\" \/>\n<meta name=\"twitter:label1\" content=\"Est. reading time\" \/>\n\t<meta name=\"twitter:data1\" content=\"4 minutes\" \/>\n<script type=\"application\/ld+json\" class=\"yoast-schema-graph\">{\"@context\":\"https:\\\/\\\/schema.org\",\"@graph\":[{\"@type\":\"WebPage\",\"@id\":\"https:\\\/\\\/www.enjoysailing.ro\\\/politica-de-cookies\\\/\",\"url\":\"https:\\\/\\\/www.enjoysailing.ro\\\/politica-de-cookies\\\/\",\"name\":\"Politica de Cookies - EnjoySailing.Ro\",\"isPartOf\":{\"@id\":\"https:\\\/\\\/www.enjoysailing.ro\\\/#website\"},\"datePublished\":\"2025-03-28T09:35:57+00:00\",\"dateModified\":\"2025-03-28T12:40:47+00:00\",\"description\":\"Politica de Cookies - Marea Neagra iti ofera atat plimbari cu velierul cat si ocazia de a te intrececu ambarcatiunile de yachting cu vele ...\",\"breadcrumb\":{\"@id\":\"https:\\\/\\\/www.enjoysailing.ro\\\/politica-de-cookies\\\/#breadcrumb\"},\"inLanguage\":\"en-US\",\"potentialAction\":[{\"@type\":\"ReadAction\",\"target\":[\"https:\\\/\\\/www.enjoysailing.ro\\\/politica-de-cookies\\\/\"]}]},{\"@type\":\"BreadcrumbList\",\"@id\":\"https:\\\/\\\/www.enjoysailing.ro\\\/politica-de-cookies\\\/#breadcrumb\",\"itemListElement\":[{\"@type\":\"ListItem\",\"position\":1,\"name\":\"Prima pagin\u0103\",\"item\":\"https:\\\/\\\/www.enjoysailing.ro\\\/\"},{\"@type\":\"ListItem\",\"position\":2,\"name\":\"Politica de Cookies\"}]},{\"@type\":\"WebSite\",\"@id\":\"https:\\\/\\\/www.enjoysailing.ro\\\/#website\",\"url\":\"https:\\\/\\\/www.enjoysailing.ro\\\/\",\"name\":\"EnjoySailing.Ro\",\"description\":\"Academia de Naviga\u021bie Enjoy Sailing\",\"publisher\":{\"@id\":\"https:\\\/\\\/www.enjoysailing.ro\\\/#organization\"},\"potentialAction\":[{\"@type\":\"SearchAction\",\"target\":{\"@type\":\"EntryPoint\",\"urlTemplate\":\"https:\\\/\\\/www.enjoysailing.ro\\\/?s={search_term_string}\"},\"query-input\":{\"@type\":\"PropertyValueSpecification\",\"valueRequired\":true,\"valueName\":\"search_term_string\"}}],\"inLanguage\":\"en-US\"},{\"@type\":\"Organization\",\"@id\":\"https:\\\/\\\/www.enjoysailing.ro\\\/#organization\",\"name\":\"Enjoy Sailing\",\"url\":\"https:\\\/\\\/www.enjoysailing.ro\\\/\",\"logo\":{\"@type\":\"ImageObject\",\"inLanguage\":\"en-US\",\"@id\":\"https:\\\/\\\/www.enjoysailing.ro\\\/#\\\/schema\\\/logo\\\/image\\\/\",\"url\":\"https:\\\/\\\/www.enjoysailing.ro\\\/wp-content\\\/uploads\\\/2020\\\/03\\\/logobun2.png\",\"contentUrl\":\"https:\\\/\\\/www.enjoysailing.ro\\\/wp-content\\\/uploads\\\/2020\\\/03\\\/logobun2.png\",\"width\":453,\"height\":277,\"caption\":\"Enjoy Sailing\"},\"image\":{\"@id\":\"https:\\\/\\\/www.enjoysailing.ro\\\/#\\\/schema\\\/logo\\\/image\\\/\"},\"sameAs\":[\"https:\\\/\\\/www.facebook.com\\\/pg\\\/EnjoySailing.ro\\\/\",\"https:\\\/\\\/www.instagram.com\\\/enjoysailing.ro\\\/\"]}]}<\/script>\n<!-- \/ Yoast SEO plugin. -->","yoast_head_json":{"title":"Politica de Cookies - EnjoySailing.Ro","description":"Politica de Cookies - Marea Neagra iti ofera atat plimbari cu velierul cat si ocazia de a te intrececu ambarcatiunile de yachting cu vele ...","robots":{"index":"index","follow":"follow","max-snippet":"max-snippet:-1","max-image-preview":"max-image-preview:large","max-video-preview":"max-video-preview:-1"},"canonical":"https:\/\/www.enjoysailing.ro\/en\/politica-de-cookies\/","og_locale":"en_US","og_type":"article","og_title":"Politica de Cookies - EnjoySailing.Ro","og_description":"Politica de Cookies - Marea Neagra iti ofera atat plimbari cu velierul cat si ocazia de a te intrececu ambarcatiunile de yachting cu vele ...","og_url":"https:\/\/www.enjoysailing.ro\/en\/politica-de-cookies\/","og_site_name":"EnjoySailing.Ro","article_publisher":"https:\/\/www.facebook.com\/pg\/EnjoySailing.ro\/","article_modified_time":"2025-03-28T12:40:47+00:00","twitter_card":"summary_large_image","twitter_misc":{"Est. reading time":"4 minutes"},"schema":{"@context":"https:\/\/schema.org","@graph":[{"@type":"WebPage","@id":"https:\/\/www.enjoysailing.ro\/politica-de-cookies\/","url":"https:\/\/www.enjoysailing.ro\/politica-de-cookies\/","name":"Politica de Cookies - EnjoySailing.Ro","isPartOf":{"@id":"https:\/\/www.enjoysailing.ro\/#website"},"datePublished":"2025-03-28T09:35:57+00:00","dateModified":"2025-03-28T12:40:47+00:00","description":"Politica de Cookies - Marea Neagra iti ofera atat plimbari cu velierul cat si ocazia de a te intrececu ambarcatiunile de yachting cu vele ...","breadcrumb":{"@id":"https:\/\/www.enjoysailing.ro\/politica-de-cookies\/#breadcrumb"},"inLanguage":"en-US","potentialAction":[{"@type":"ReadAction","target":["https:\/\/www.enjoysailing.ro\/politica-de-cookies\/"]}]},{"@type":"BreadcrumbList","@id":"https:\/\/www.enjoysailing.ro\/politica-de-cookies\/#breadcrumb","itemListElement":[{"@type":"ListItem","position":1,"name":"Prima pagin\u0103","item":"https:\/\/www.enjoysailing.ro\/"},{"@type":"ListItem","position":2,"name":"Politica de Cookies"}]},{"@type":"WebSite","@id":"https:\/\/www.enjoysailing.ro\/#website","url":"https:\/\/www.enjoysailing.ro\/","name":"EnjoySailing.Ro","description":"Academia de Naviga\u021bie Enjoy Sailing","publisher":{"@id":"https:\/\/www.enjoysailing.ro\/#organization"},"potentialAction":[{"@type":"SearchAction","target":{"@type":"EntryPoint","urlTemplate":"https:\/\/www.enjoysailing.ro\/?s={search_term_string}"},"query-input":{"@type":"PropertyValueSpecification","valueRequired":true,"valueName":"search_term_string"}}],"inLanguage":"en-US"},{"@type":"Organization","@id":"https:\/\/www.enjoysailing.ro\/#organization","name":"Enjoy Sailing","url":"https:\/\/www.enjoysailing.ro\/","logo":{"@type":"ImageObject","inLanguage":"en-US","@id":"https:\/\/www.enjoysailing.ro\/#\/schema\/logo\/image\/","url":"https:\/\/www.enjoysailing.ro\/wp-content\/uploads\/2020\/03\/logobun2.png","contentUrl":"https:\/\/www.enjoysailing.ro\/wp-content\/uploads\/2020\/03\/logobun2.png","width":453,"height":277,"caption":"Enjoy Sailing"},"image":{"@id":"https:\/\/www.enjoysailing.ro\/#\/schema\/logo\/image\/"},"sameAs":["https:\/\/www.facebook.com\/pg\/EnjoySailing.ro\/","https:\/\/www.instagram.com\/enjoysailing.ro\/"]}]}},"_links":{"self":[{"href":"https:\/\/www.enjoysailing.ro\/en\/wp-json\/wp\/v2\/pages\/7510","targetHints":{"allow":["GET"]}}],"collection":[{"href":"https:\/\/www.enjoysailing.ro\/en\/wp-json\/wp\/v2\/pages"}],"about":[{"href":"https:\/\/www.enjoysailing.ro\/en\/wp-json\/wp\/v2\/types\/page"}],"author":[{"embeddable":true,"href":"https:\/\/www.enjoysailing.ro\/en\/wp-json\/wp\/v2\/users\/1"}],"replies":[{"embeddable":true,"href":"https:\/\/www.enjoysailing.ro\/en\/wp-json\/wp\/v2\/comments?post=7510"}],"version-history":[{"count":0,"href":"https:\/\/www.enjoysailing.ro\/en\/wp-json\/wp\/v2\/pages\/7510\/revisions"}],"wp:attachment":[{"href":"https:\/\/www.enjoysailing.ro\/en\/wp-json\/wp\/v2\/media?parent=7510"}],"curies":[{"name":"wp","href":"https:\/\/api.w.org\/{rel}","templated":true}]}}